{"id":156,"date":"2020-04-14T12:45:47","date_gmt":"2020-04-14T11:45:47","guid":{"rendered":"http:\/\/ferienhaus-deichblick.com\/?page_id=156"},"modified":"2025-09-01T14:52:15","modified_gmt":"2025-09-01T13:52:15","slug":"ferienwohnung-deichblick-2","status":"publish","type":"page","link":"http:\/\/ferienhaus-deichblick.com\/?page_id=156","title":{"rendered":"Ferienwohnung Deichblick"},"content":{"rendered":"\n<p><\/p>\n\n\n\n<p>Wundersch\u00f6ne gem\u00fctliche Ferienwohnung f\u00fcr 2 Personen direkt am Deich von T\u00f6nning.<br>Die Wohnung verf\u00fcgt \u00fcber ein Wohnzimmer mit integrierter K\u00fcche und Essgelegenheit. Das separate Schlafzimmer ist mit einem Doppelbett ausgestattet. Die K\u00fcche ist mit allen ausgestattet f\u00fcr einen erholsamen Urlaub.<br>Im Vollbad k\u00f6nnen Sie  in einer ebenerdigen Dusche oder in der Wanne relaxen.<br>Die gesamte Wohnung hat Fu\u00dfbodenheizung. Die fast 5 Meter lange Fensterfront f\u00fchrt zur eigenen Terrasse mit Blick auf den Garten und Zugang zum Deich. Nur wenige Schritte den Deich rauf und Sie sind am Wasser.<br>Pkw Stellplatz direkt vor dem Geb\u00e4ude. Das malerische T\u00f6nning mit seinen historischen und Interessanten Hafen lockt mit tollen Ausfl\u00fcgen und leckeren Fischrestaurants.. St. Peter, B\u00fcsum, Husum sind in 20 min mit dem Auto wunderbar zu erreichen.<\/p>\n\n\n\n<p> Hunde k\u00f6nnen leider keinen Urlaub bei uns machen. UPDATE: Auch nicht nur zu Besuch, damit die Wohnung auch f\u00fcr Allergiker genutzt werden kann.<\/p>\n\n\n\n<h2>Preis:<br>79,- Euro<br>pro Nacht f\u00fcr max. 2 Personen und einmalig 85,- Euro Endreinigung<\/h2>\n\n\n\n<p><\/p>\n\n\n\n<figure class=\"wp-block-image size-large\"><img decoding=\"async\" loading=\"lazy\" width=\"771\" height=\"1024\" src=\"http:\/\/ferienhaus-deichblick.com\/wp-content\/uploads\/2025\/05\/PXL_20250503_132712244.PORTRAIT.ORIGINAL-771x1024.jpg\" alt=\"\" class=\"wp-image-386\" srcset=\"http:\/\/ferienhaus-deichblick.com\/wp-content\/uploads\/2025\/05\/PXL_20250503_132712244.PORTRAIT.ORIGINAL-771x1024.jpg 771w, http:\/\/ferienhaus-deichblick.com\/wp-content\/uploads\/2025\/05\/PXL_20250503_132712244.PORTRAIT.ORIGINAL-226x300.jpg 226w, http:\/\/ferienhaus-deichblick.com\/wp-content\/uploads\/2025\/05\/PXL_20250503_132712244.PORTRAIT.ORIGINAL-768x1020.jpg 768w, http:\/\/ferienhaus-deichblick.com\/wp-content\/uploads\/2025\/05\/PXL_20250503_132712244.PORTRAIT.ORIGINAL-1157x1536.jpg 1157w, http:\/\/ferienhaus-deichblick.com\/wp-content\/uploads\/2025\/05\/PXL_20250503_132712244.PORTRAIT.ORIGINAL-1542x2048.jpg 1542w, http:\/\/ferienhaus-deichblick.com\/wp-content\/uploads\/2025\/05\/PXL_20250503_132712244.PORTRAIT.ORIGINAL-scaled.jpg 1928w\" sizes=\"(max-width: 771px) 100vw, 771px\" \/><\/figure>\n\n\n\n<div class=\"is-layout-flow wp-block-group\"><div class=\"wp-block-group__inner-container\">\n<figure class=\"wp-block-image size-large\"><img decoding=\"async\" loading=\"lazy\" width=\"771\" height=\"1024\" src=\"http:\/\/ferienhaus-deichblick.com\/wp-content\/uploads\/2024\/03\/PXL_20240117_1343506142-771x1024.jpg\" alt=\"\" class=\"wp-image-379\" srcset=\"http:\/\/ferienhaus-deichblick.com\/wp-content\/uploads\/2024\/03\/PXL_20240117_1343506142-771x1024.jpg 771w, http:\/\/ferienhaus-deichblick.com\/wp-content\/uploads\/2024\/03\/PXL_20240117_1343506142-226x300.jpg 226w, http:\/\/ferienhaus-deichblick.com\/wp-content\/uploads\/2024\/03\/PXL_20240117_1343506142-768x1020.jpg 768w, http:\/\/ferienhaus-deichblick.com\/wp-content\/uploads\/2024\/03\/PXL_20240117_1343506142-1157x1536.jpg 1157w, http:\/\/ferienhaus-deichblick.com\/wp-content\/uploads\/2024\/03\/PXL_20240117_1343506142-1542x2048.jpg 1542w, http:\/\/ferienhaus-deichblick.com\/wp-content\/uploads\/2024\/03\/PXL_20240117_1343506142-scaled.jpg 1928w\" sizes=\"(max-width: 771px) 100vw, 771px\" \/><\/figure>\n\n\n\n<figure class=\"wp-block-image size-large\"><img decoding=\"async\" loading=\"lazy\" width=\"1024\" height=\"461\" src=\"http:\/\/ferienhaus-deichblick.com\/wp-content\/uploads\/2023\/12\/20231222_133953-1-1024x461.jpg\" alt=\"\" class=\"wp-image-349\" srcset=\"http:\/\/ferienhaus-deichblick.com\/wp-content\/uploads\/2023\/12\/20231222_133953-1-1024x461.jpg 1024w, http:\/\/ferienhaus-deichblick.com\/wp-content\/uploads\/2023\/12\/20231222_133953-1-300x135.jpg 300w, http:\/\/ferienhaus-deichblick.com\/wp-content\/uploads\/2023\/12\/20231222_133953-1-768x346.jpg 768w, http:\/\/ferienhaus-deichblick.com\/wp-content\/uploads\/2023\/12\/20231222_133953-1-1536x692.jpg 1536w, http:\/\/ferienhaus-deichblick.com\/wp-content\/uploads\/2023\/12\/20231222_133953-1-2048x922.jpg 2048w\" sizes=\"(max-width: 1024px) 100vw, 1024px\" \/><\/figure>\n\n\n\n<figure class=\"wp-block-image size-large\"><img decoding=\"async\" loading=\"lazy\" width=\"771\" height=\"1024\" src=\"http:\/\/ferienhaus-deichblick.com\/wp-content\/uploads\/2025\/05\/PXL_20240428_105907159-771x1024.jpg\" alt=\"\" class=\"wp-image-390\" srcset=\"http:\/\/ferienhaus-deichblick.com\/wp-content\/uploads\/2025\/05\/PXL_20240428_105907159-771x1024.jpg 771w, http:\/\/ferienhaus-deichblick.com\/wp-content\/uploads\/2025\/05\/PXL_20240428_105907159-226x300.jpg 226w, http:\/\/ferienhaus-deichblick.com\/wp-content\/uploads\/2025\/05\/PXL_20240428_105907159-768x1020.jpg 768w, http:\/\/ferienhaus-deichblick.com\/wp-content\/uploads\/2025\/05\/PXL_20240428_105907159-1157x1536.jpg 1157w, http:\/\/ferienhaus-deichblick.com\/wp-content\/uploads\/2025\/05\/PXL_20240428_105907159-1542x2048.jpg 1542w, http:\/\/ferienhaus-deichblick.com\/wp-content\/uploads\/2025\/05\/PXL_20240428_105907159-scaled.jpg 1928w\" sizes=\"(max-width: 771px) 100vw, 771px\" \/><\/figure>\n\n\n\n<figure class=\"wp-block-image size-large\"><img decoding=\"async\" loading=\"lazy\" width=\"664\" height=\"1024\" src=\"http:\/\/ferienhaus-deichblick.com\/wp-content\/uploads\/2023\/12\/20231222_144707-664x1024.jpg\" alt=\"\" class=\"wp-image-351\" srcset=\"http:\/\/ferienhaus-deichblick.com\/wp-content\/uploads\/2023\/12\/20231222_144707-664x1024.jpg 664w, http:\/\/ferienhaus-deichblick.com\/wp-content\/uploads\/2023\/12\/20231222_144707-194x300.jpg 194w, http:\/\/ferienhaus-deichblick.com\/wp-content\/uploads\/2023\/12\/20231222_144707-768x1185.jpg 768w, http:\/\/ferienhaus-deichblick.com\/wp-content\/uploads\/2023\/12\/20231222_144707-996x1536.jpg 996w, http:\/\/ferienhaus-deichblick.com\/wp-content\/uploads\/2023\/12\/20231222_144707-1328x2048.jpg 1328w, http:\/\/ferienhaus-deichblick.com\/wp-content\/uploads\/2023\/12\/20231222_144707-scaled.jpg 1659w\" sizes=\"(max-width: 664px) 100vw, 664px\" \/><\/figure>\n<\/div><\/div>\n\n\n\n<figure class=\"wp-block-image size-large\"><img decoding=\"async\" loading=\"lazy\" width=\"853\" height=\"1024\" src=\"http:\/\/ferienhaus-deichblick.com\/wp-content\/uploads\/2023\/12\/20231222_144612-853x1024.jpg\" alt=\"\" class=\"wp-image-352\" srcset=\"http:\/\/ferienhaus-deichblick.com\/wp-content\/uploads\/2023\/12\/20231222_144612-853x1024.jpg 853w, http:\/\/ferienhaus-deichblick.com\/wp-content\/uploads\/2023\/12\/20231222_144612-250x300.jpg 250w, http:\/\/ferienhaus-deichblick.com\/wp-content\/uploads\/2023\/12\/20231222_144612-768x922.jpg 768w, http:\/\/ferienhaus-deichblick.com\/wp-content\/uploads\/2023\/12\/20231222_144612-1280x1536.jpg 1280w, http:\/\/ferienhaus-deichblick.com\/wp-content\/uploads\/2023\/12\/20231222_144612-1707x2048.jpg 1707w\" sizes=\"(max-width: 853px) 100vw, 853px\" \/><\/figure>\n\n\n\n<p><\/p>\n\n\n\n<figure class=\"wp-block-image size-large\"><img decoding=\"async\" loading=\"lazy\" width=\"1024\" height=\"576\" src=\"http:\/\/ferienhaus-deichblick.com\/wp-content\/uploads\/2024\/03\/20230603_160938-1024x576.jpg\" alt=\"\" class=\"wp-image-372\" srcset=\"http:\/\/ferienhaus-deichblick.com\/wp-content\/uploads\/2024\/03\/20230603_160938-1024x576.jpg 1024w, http:\/\/ferienhaus-deichblick.com\/wp-content\/uploads\/2024\/03\/20230603_160938-300x169.jpg 300w, http:\/\/ferienhaus-deichblick.com\/wp-content\/uploads\/2024\/03\/20230603_160938-768x432.jpg 768w, http:\/\/ferienhaus-deichblick.com\/wp-content\/uploads\/2024\/03\/20230603_160938-1536x864.jpg 1536w, http:\/\/ferienhaus-deichblick.com\/wp-content\/uploads\/2024\/03\/20230603_160938-2048x1152.jpg 2048w\" sizes=\"(max-width: 1024px) 100vw, 1024px\" \/><\/figure>\n\n\n\n<figure class=\"wp-block-image size-large\"><img decoding=\"async\" loading=\"lazy\" width=\"683\" height=\"1024\" src=\"http:\/\/ferienhaus-deichblick.com\/wp-content\/uploads\/2024\/03\/20230603_160947-683x1024.jpg\" alt=\"\" class=\"wp-image-374\" srcset=\"http:\/\/ferienhaus-deichblick.com\/wp-content\/uploads\/2024\/03\/20230603_160947-683x1024.jpg 683w, http:\/\/ferienhaus-deichblick.com\/wp-content\/uploads\/2024\/03\/20230603_160947-200x300.jpg 200w, http:\/\/ferienhaus-deichblick.com\/wp-content\/uploads\/2024\/03\/20230603_160947-768x1151.jpg 768w, http:\/\/ferienhaus-deichblick.com\/wp-content\/uploads\/2024\/03\/20230603_160947-1025x1536.jpg 1025w, http:\/\/ferienhaus-deichblick.com\/wp-content\/uploads\/2024\/03\/20230603_160947-1367x2048.jpg 1367w, http:\/\/ferienhaus-deichblick.com\/wp-content\/uploads\/2024\/03\/20230603_160947-scaled.jpg 1709w\" sizes=\"(max-width: 683px) 100vw, 683px\" \/><\/figure>\n","protected":false},"excerpt":{"rendered":"<p>Wundersch\u00f6ne gem\u00fctliche Ferienwohnung f\u00fcr 2 Personen direkt am Deich von T\u00f6nning.Die Wohnung verf\u00fcgt \u00fcber ein Wohnzimmer mit integrierter K\u00fcche und Essgelegenheit. Das separate Schlafzimmer ist mit einem Doppelbett ausgestattet. Die K\u00fcche ist mit allen ausgestattet f\u00fcr einen erholsamen Urlaub.Im Vollbad &hellip; <a href=\"http:\/\/ferienhaus-deichblick.com\/?page_id=156\">Weiterlesen <span class=\"meta-nav\">&rarr;<\/span><\/a><\/p>\n","protected":false},"author":1,"featured_media":0,"parent":0,"menu_order":0,"comment_status":"closed","ping_status":"closed","template":"","meta":[],"_links":{"self":[{"href":"http:\/\/ferienhaus-deichblick.com\/index.php?rest_route=\/wp\/v2\/pages\/156"}],"collection":[{"href":"http:\/\/ferienhaus-deichblick.com\/index.php?rest_route=\/wp\/v2\/pages"}],"about":[{"href":"http:\/\/ferienhaus-deichblick.com\/index.php?rest_route=\/wp\/v2\/types\/page"}],"author":[{"embeddable":true,"href":"http:\/\/ferienhaus-deichblick.com\/index.php?rest_route=\/wp\/v2\/users\/1"}],"replies":[{"embeddable":true,"href":"http:\/\/ferienhaus-deichblick.com\/index.php?rest_route=%2Fwp%2Fv2%2Fcomments&post=156"}],"version-history":[{"count":26,"href":"http:\/\/ferienhaus-deichblick.com\/index.php?rest_route=\/wp\/v2\/pages\/156\/revisions"}],"predecessor-version":[{"id":396,"href":"http:\/\/ferienhaus-deichblick.com\/index.php?rest_route=\/wp\/v2\/pages\/156\/revisions\/396"}],"wp:attachment":[{"href":"http:\/\/ferienhaus-deichblick.com\/index.php?rest_route=%2Fwp%2Fv2%2Fmedia&parent=156"}],"curies":[{"name":"wp","href":"https:\/\/api.w.org\/{rel}","templated":true}]}}